{"id":3,"date":"2020-09-03T21:46:12","date_gmt":"2020-09-04T00:46:12","guid":{"rendered":"http:\/\/frkswork.com.br\/?page_id=3"},"modified":"2021-06-18T12:22:20","modified_gmt":"2021-06-18T15:22:20","slug":"politica-de-privacidade","status":"publish","type":"page","link":"https:\/\/frkswork.com.br\/en\/politica-de-privacidade\/","title":{"rendered":"Privacy Policy"},"content":{"rendered":"<p>[et_pb_section fb_built=&#8221;1&#8243; _builder_version=&#8221;3.22&#8243;][et_pb_row _builder_version=&#8221;3.25&#8243; background_size=&#8221;initial&#8221; background_position=&#8221;top_left&#8221; background_repeat=&#8221;repeat&#8221;][et_pb_column type=&#8221;4_4&#8243; _builder_version=&#8221;3.25&#8243; custom_padding=&#8221;|||&#8221; custom_padding__hover=&#8221;|||&#8221;][et_pb_text _builder_version=&#8221;4.9.4&#8243; background_size=&#8221;initial&#8221; background_position=&#8221;top_left&#8221; background_repeat=&#8221;repeat&#8221; hover_enabled=&#8221;0&#8243; sticky_enabled=&#8221;0&#8243; header_font=&#8221;Open Sans|700|||||||&#8221; header_2_font=&#8221;Open Sans|700|||||||&#8221;]<\/p>\n<h1>Pol\u00edtica de Privacidade<\/h1>\n<p>&nbsp;<\/p>\n<h2>Quem somos:<\/h2>\n<p><strong>Somos uma empresa de hospedagem de registro, regulamentada sob o CNPJ\u00a0<\/strong>40.044.333\/0001-37<strong>.<\/strong>\u00a0O endere\u00e7o do nosso site \u00e9:\u00a0<a href=\"https:\/\/frkswork.com.br\/en\/\">https:\/\/frkswork.com.br\/<\/a><\/p>\n<p><strong>\u00a0<\/strong><\/p>\n<h2><strong>Quais dados pessoais coletamos e porque:<\/strong><\/h2>\n<p>A sua privacidade \u00e9 importante para n\u00f3s. \u00c9 pol\u00edtica da FERKS WORK respeitar a sua privacidade em rela\u00e7\u00e3o a qualquer informa\u00e7\u00e3o sua que possamos coletar em nosso website.<\/p>\n<p>Solicitamos informa\u00e7\u00f5es pessoais apenas quando realmente precisamos delas para lhe fornecer um servi\u00e7o. Fazemo-lo por meios justos e legais, com o seu conhecimento e consentimento. Tamb\u00e9m informamos por que estamos coletando e como ser\u00e1 usado.<\/p>\n<p>Quando os visitantes deixam coment\u00e1rios no site, coletamos os dados mostrados no formul\u00e1rio de coment\u00e1rios, al\u00e9m do endere\u00e7o de IP e de dados do navegador do visitante, para auxiliar na detec\u00e7\u00e3o de spam.<\/p>\n<p>Suas informa\u00e7\u00f5es ser\u00e3o armazenadas no cadastro interno da empresa e de acesso restrito para funcion\u00e1rios.<\/p>\n<p>Apenas retemos as informa\u00e7\u00f5es coletadas pelo tempo necess\u00e1rio para fornecer o servi\u00e7o solicitado. Quando armazenamos dados, protegemos dentro de meios comercialmente aceit\u00e1veis \u200b\u200bpara evitar perdas e roubos, bem como acesso, divulga\u00e7\u00e3o, c\u00f3pia, uso ou modifica\u00e7\u00e3o n\u00e3o autorizados.<\/p>\n<p>N\u00e3o compartilhamos informa\u00e7\u00f5es de identifica\u00e7\u00e3o pessoal publicamente ou com terceiros, exceto quando exigido por lei.<\/p>\n<p>O nosso site pode ter links para sites externos que n\u00e3o s\u00e3o operados por n\u00f3s. Esteja ciente de que n\u00e3o temos controle sobre o conte\u00fado e pr\u00e1ticas desses sites e n\u00e3o podemos aceitar responsabilidade por suas respectivas\u00a0pol\u00edticas de privacidade.<\/p>\n<p>Voc\u00ea \u00e9 livre para recusar a nossa solicita\u00e7\u00e3o de informa\u00e7\u00f5es pessoais, entendendo que talvez n\u00e3o possamos fornecer alguns dos servi\u00e7os desejados.<\/p>\n<p>O uso continuado de nosso site ser\u00e1 considerado como aceita\u00e7\u00e3o de nossas pr\u00e1ticas em torno de privacidade e informa\u00e7\u00f5es pessoais. Se voc\u00ea tiver alguma d\u00favida sobre como lidamos com dados do usu\u00e1rio e informa\u00e7\u00f5es pessoais, entre em contato conosco atrav\u00e9s do e-mail <a href=\"mailto:contato@frkswork.com.br\">contato@frkswork.com.br<\/a> \u00a0\u00a0.<\/p>\n<h2><strong>Formul\u00e1rios de contato:<\/strong><\/h2>\n<p>Quando voc\u00ea envia dados por meio de um formul\u00e1rio como os encontrados nas p\u00e1ginas de contato ou nos formul\u00e1rios de coment\u00e1rios, os cookies podem ser configurados para lembrar os detalhes do usu\u00e1rio para correspond\u00eancia futura.<\/p>\n<p><strong>Cookies:<\/strong><\/p>\n<p>Ao deixar um coment\u00e1rio no site, voc\u00ea poder\u00e1 optar por salvar seu nome, e-mail e site nos cookies. Isso visa seu conforto, assim voc\u00ea n\u00e3o precisar\u00e1 preencher seus dados novamente quando fizer outro coment\u00e1rio. Estes cookies duram um ano.<\/p>\n<p>Se voc\u00ea tem uma conta e acessa este site, um cookie tempor\u00e1rio ser\u00e1 criado para determinar se seu navegador aceita cookies. Ele n\u00e3o cont\u00e9m nenhum dado pessoal e ser\u00e1 descartado quando voc\u00ea fechar seu navegador.<\/p>\n<p>Quando voc\u00ea acessa sua conta no site, tamb\u00e9m criamos v\u00e1rios cookies para salvar os dados da sua conta e suas escolhas de exibi\u00e7\u00e3o de tela. Cookies de login s\u00e3o mantidos por dois dias e cookies de op\u00e7\u00f5es de tela por um ano. Se voc\u00ea selecionar \u201cLembrar-me\u201d, seu acesso ser\u00e1 mantido por duas semanas. Se voc\u00ea se desconectar da sua conta, os cookies de login ser\u00e3o removidos.<\/p>\n<p>Se voc\u00ea editar ou publicar um artigo, um cookie adicional ser\u00e1 salvo no seu navegador. Este cookie n\u00e3o inclui nenhum dado pessoal e simplesmente indica o ID do post referente ao artigo que voc\u00ea acabou de editar. Ele expira depois de 1 dia.<\/p>\n<h2><strong>M\u00eddia incorporada de outros sites:<\/strong><\/h2>\n<p>Artigos neste site podem incluir conte\u00fado incorporado como, por exemplo, v\u00eddeos, imagens, artigos, etc. Conte\u00fados incorporados de outros sites se comportam exatamente da mesma forma como se o visitante estivesse visitando o outro site.<\/p>\n<p>Estes sites podem coletar dados sobre voc\u00ea, usar cookies, incorporar rastreamento adicional de terceiros e monitorar sua intera\u00e7\u00e3o com este conte\u00fado incorporado, incluindo sua intera\u00e7\u00e3o com o conte\u00fado incorporado se voc\u00ea tem uma conta e est\u00e1 conectado com o site.<\/p>\n<h2><strong>An\u00e1lises:<\/strong><\/h2>\n<p>Em alguns casos especiais, tamb\u00e9m usamos cookies fornecidos por terceiros confi\u00e1veis. A se\u00e7\u00e3o a seguir detalha quais cookies de terceiros voc\u00ea pode encontrar atrav\u00e9s deste site.<\/p>\n<p>Este site usa o Google Analytics, que \u00e9 uma das solu\u00e7\u00f5es de an\u00e1lise mais difundidas e confi\u00e1veis \u200b\u200bda Web, para nos ajudar a entender como voc\u00ea usa o site e como podemos melhorar sua experi\u00eancia. Esses cookies podem rastrear itens como quanto tempo voc\u00ea gasta no site e as p\u00e1ginas visitadas, para que possamos continuar produzindo conte\u00fado atraente.<\/p>\n<p>Para mais informa\u00e7\u00f5es sobre cookies do Google Analytics, consulte a p\u00e1gina oficial do Google Analytics.<\/p>\n<p>As an\u00e1lises de terceiros s\u00e3o usadas para rastrear e medir o uso deste site, para que possamos continuar produzindo conte\u00fado atrativo. Esses cookies podem rastrear itens como o tempo que voc\u00ea passa no site ou as p\u00e1ginas visitadas, o que nos ajuda a entender como podemos melhorar o site para voc\u00ea.<\/p>\n<p>Periodicamente, testamos novos recursos e fazemos altera\u00e7\u00f5es subtis na maneira como o site se apresenta. Quando ainda estamos testando novos recursos, esses cookies podem ser usados \u200b\u200bpara garantir que voc\u00ea receba uma experi\u00eancia consistente enquanto estiver no site, enquanto entendemos quais otimiza\u00e7\u00f5es os nossos usu\u00e1rios mais apreciam.<\/p>\n<p>\u00c0 medida que vendemos produtos, \u00e9 importante entendermos as estat\u00edsticas sobre quantos visitantes de nosso site realmente compram e, portanto, esse \u00e9 o tipo de dados que esses cookies rastrear\u00e3o. Isso \u00e9 importante para voc\u00ea, pois significa que podemos fazer previs\u00f5es de neg\u00f3cios com precis\u00e3o que nos permitem analisar nossos custos de publicidade e produtos para garantir o melhor pre\u00e7o poss\u00edvel.<\/p>\n<h2><strong>Por quanto tempo mantemos os seus dados:<\/strong><\/h2>\n<p>Se voc\u00ea deixar um coment\u00e1rio, o coment\u00e1rio e os seus metadados s\u00e3o conservados indefinidamente. Fazemos isso para que seja poss\u00edvel reconhecer e aprovar automaticamente qualquer coment\u00e1rio posterior ao inv\u00e9s de ret\u00ea-lo para modera\u00e7\u00e3o.<\/p>\n<p>Para usu\u00e1rios que se registram no nosso site (se houver), tamb\u00e9m guardamos as informa\u00e7\u00f5es pessoais que fornecem no seu perfil de usu\u00e1rio. Todos os usu\u00e1rios podem ver, editar ou excluir suas informa\u00e7\u00f5es pessoais a qualquer momento (s\u00f3 n\u00e3o \u00e9 poss\u00edvel alterar o seu username). Os administradores de sites tamb\u00e9m podem ver e editar estas informa\u00e7\u00f5es.<\/p>\n<h2><strong>Quais os seus direitos sobre seus dados:<\/strong><\/h2>\n<p>Se voc\u00ea tiver uma conta neste site ou se tiver deixado coment\u00e1rios, pode solicitar um arquivo exportado dos dados pessoais que mantemos sobre voc\u00ea, inclusive quaisquer dados que nos tenha fornecido. Tamb\u00e9m pode solicitar que removamos qualquer dado pessoal que mantemos sobre voc\u00ea. Isto n\u00e3o inclui nenhuns dados que somos obrigados a manter para prop\u00f3sitos administrativos, legais ou de seguran\u00e7a.<\/p>\n<h2><strong>Para onde enviamos seus dados:<\/strong><\/h2>\n<p>N\u00e3o compartilhamos seus dados com ningu\u00e9m. Coment\u00e1rios de visitantes podem ser marcados por um servi\u00e7o autom\u00e1tico de detec\u00e7\u00e3o de spam.<\/p>\n<h2><strong>Como protegemos seus dados:<\/strong><\/h2>\n<p>A M\u00e1ximos Consultoria toma todas as medidas razoavelmente necess\u00e1rias para garantir que seus dados sejam tratados com seguran\u00e7a e de acordo com esta Pol\u00edtica de Privacidade e nenhuma transfer\u00eancia de seus Dados Pessoais ocorrer\u00e1 para uma outra organiza\u00e7\u00e3o sem que haja um controle adequado em vigor, incluindo a seguran\u00e7a de seu dados e outras informa\u00e7\u00f5es pessoais.<\/p>\n<p>Os dados enviados atrav\u00e9s de formul\u00e1rios de contato do site, s\u00e3o guardados em nossa base de dados do site, al\u00e9m de serem redirecionados para um sistema de CRM utilizado pela empresa e tamb\u00e9m para um e-mail de recebimento interno desses formul\u00e1rios. Nossos e-mails utilizam a tecnologia do Google e s\u00e3o extremamente seguros, e nosso CRM tem toda seguran\u00e7a necess\u00e1ria para impedir que seus dados sejam expostos na rede.<\/p>\n<p>Voc\u00ea poder\u00e1 solicitar que seus dados sejam deletados da nossa base de dados e de todos os locais citados anteriormente atrav\u00e9s do e-mail\u00a0<a href=\"mailto:contato@frkswork.com.br\">contato@frkswork.com.br<\/a><\/p>\n<p><strong>\u00a0<\/strong><\/p>\n<p>&nbsp;<\/p>\n<p>&nbsp;<\/p>\n<p>[\/et_pb_text][\/et_pb_column][\/et_pb_row][\/et_pb_section]<\/p>","protected":false},"excerpt":{"rendered":"<p>Pol\u00edtica de Privacidade &nbsp; Quem somos: Somos uma empresa de hospedagem de registro, regulamentada sob o CNPJ\u00a040.044.333\/0001-37.\u00a0O endere\u00e7o do nosso site \u00e9:\u00a0https:\/\/frkswork.com.br\/ \u00a0 Quais dados pessoais coletamos e porque: A sua privacidade \u00e9 importante para n\u00f3s. \u00c9 pol\u00edtica da FERKS WORK respeitar a sua privacidade em rela\u00e7\u00e3o a qualquer informa\u00e7\u00e3o sua que possamos coletar em [&hellip;]<\/p>","protected":false},"author":1,"featured_media":0,"parent":0,"menu_order":0,"comment_status":"closed","ping_status":"open","template":"","meta":{"_et_pb_use_builder":"on","_et_pb_old_content":"<!-- wp:heading -->\r\n<h2>Quem somos<\/h2>\r\n<!-- \/wp:heading -->\r\n\r\n<!-- wp:paragraph -->\r\n<p>O endere\u00e7o do nosso site \u00e9: http:\/\/frkswork.com.br.<\/p>\r\n<!-- \/wp:paragraph -->\r\n\r\n<!-- wp:heading -->\r\n<h2>Quais dados pessoais coletamos e porque<\/h2>\r\n<!-- \/wp:heading -->\r\n\r\n<!-- wp:heading {\"level\":3} -->\r\n<h3>Coment\u00e1rios<\/h3>\r\n<!-- \/wp:heading -->\r\n\r\n<!-- wp:paragraph -->\r\n<p>Quando os visitantes deixam coment\u00e1rios no site, coletamos os dados mostrados no formul\u00e1rio de coment\u00e1rios, al\u00e9m do endere\u00e7o de IP e de dados do navegador do visitante, para auxiliar na detec\u00e7\u00e3o de spam.<\/p>\r\n<!-- \/wp:paragraph -->\r\n\r\n<!-- wp:paragraph -->\r\n<p>Uma sequ\u00eancia anonimizada de caracteres criada a partir do seu e-mail (tamb\u00e9m chamada de hash) poder\u00e1 ser enviada para o Gravatar para verificar se voc\u00ea usa o servi\u00e7o. A pol\u00edtica de privacidade do Gravatar est\u00e1 dispon\u00edvel aqui: https:\/\/automattic.com\/privacy\/. Depois da aprova\u00e7\u00e3o do seu coment\u00e1rio, a foto do seu perfil fica vis\u00edvel publicamente junto de seu coment\u00e1rio.<\/p>\r\n<!-- \/wp:paragraph -->\r\n\r\n<!-- wp:heading {\"level\":3} -->\r\n<h3>M\u00eddia<\/h3>\r\n<!-- \/wp:heading -->\r\n\r\n<!-- wp:paragraph -->\r\n<p>Se voc\u00ea envia imagens para o site, evite enviar as que contenham dados de localiza\u00e7\u00e3o incorporados (EXIF GPS). Visitantes podem baixar estas imagens do site e extrair delas seus dados de localiza\u00e7\u00e3o.<\/p>\r\n<!-- \/wp:paragraph -->\r\n\r\n<!-- wp:heading {\"level\":3} -->\r\n<h3>Formul\u00e1rios de contato<\/h3>\r\n<!-- \/wp:heading -->\r\n\r\n<!-- wp:heading {\"level\":3} -->\r\n<h3>Cookies<\/h3>\r\n<!-- \/wp:heading -->\r\n\r\n<!-- wp:paragraph -->\r\n<p>Ao deixar um coment\u00e1rio no site, voc\u00ea poder\u00e1 optar por salvar seu nome, e-mail e site nos cookies. Isso visa seu conforto, assim voc\u00ea n\u00e3o precisar\u00e1 preencher seus  dados novamente quando fizer outro coment\u00e1rio. Estes cookies duram um ano.<\/p>\r\n<!-- \/wp:paragraph -->\r\n\r\n<!-- wp:paragraph -->\r\n<p>Se voc\u00ea tem uma conta e acessa este site, um cookie tempor\u00e1rio ser\u00e1 criado para determinar se seu navegador aceita cookies. Ele n\u00e3o cont\u00e9m nenhum dado pessoal e ser\u00e1 descartado quando voc\u00ea fechar seu navegador.<\/p>\r\n<!-- \/wp:paragraph -->\r\n\r\n<!-- wp:paragraph -->\r\n<p>Quando voc\u00ea acessa sua conta no site, tamb\u00e9m criamos v\u00e1rios cookies para salvar os dados da sua conta e suas escolhas de exibi\u00e7\u00e3o de tela. Cookies de login s\u00e3o mantidos por dois dias e cookies de op\u00e7\u00f5es de tela por um ano. Se voc\u00ea selecionar \"Lembrar-me\", seu acesso ser\u00e1 mantido por duas semanas. Se voc\u00ea se desconectar da sua conta, os cookies de login ser\u00e3o removidos.<\/p>\r\n<!-- \/wp:paragraph -->\r\n\r\n<!-- wp:paragraph -->\r\n<p>Se voc\u00ea editar ou publicar um artigo, um cookie adicional ser\u00e1 salvo no seu navegador. Este cookie n\u00e3o inclui nenhum dado pessoal e simplesmente indica o ID do post referente ao artigo que voc\u00ea acabou de editar. Ele expira depois de 1 dia.<\/p>\r\n<!-- \/wp:paragraph -->\r\n\r\n<!-- wp:heading {\"level\":3} -->\r\n<h3>M\u00eddia incorporada de outros sites<\/h3>\r\n<!-- \/wp:heading -->\r\n\r\n<!-- wp:paragraph -->\r\n<p>Artigos neste site podem incluir conte\u00fado incorporado como, por exemplo, v\u00eddeos, imagens, artigos, etc. Conte\u00fados incorporados de outros sites se comportam exatamente da mesma forma como se o visitante estivesse visitando o outro site.<\/p>\r\n<!-- \/wp:paragraph -->\r\n\r\n<!-- wp:paragraph -->\r\n<p>Estes sites podem coletar dados sobre voc\u00ea, usar cookies, incorporar rastreamento adicional de terceiros e monitorar sua intera\u00e7\u00e3o com este conte\u00fado incorporado, incluindo sua intera\u00e7\u00e3o com o conte\u00fado incorporado se voc\u00ea tem uma conta e est\u00e1 conectado com o site.<\/p>\r\n<!-- \/wp:paragraph -->\r\n\r\n<!-- wp:heading {\"level\":3} -->\r\n<h3>An\u00e1lises<\/h3>\r\n<!-- \/wp:heading -->\r\n\r\n<!-- wp:heading -->\r\n<h2>Com quem partilhamos seus dados<\/h2>\r\n<!-- \/wp:heading -->\r\n\r\n<!-- wp:heading -->\r\n<h2>Por quanto tempo mantemos os seus dados<\/h2>\r\n<!-- \/wp:heading -->\r\n\r\n<!-- wp:paragraph -->\r\n<p>Se voc\u00ea deixar um coment\u00e1rio, o coment\u00e1rio e os seus metadados s\u00e3o conservados indefinidamente. Fazemos isso para que seja poss\u00edvel reconhecer e aprovar automaticamente qualquer coment\u00e1rio posterior ao inv\u00e9s de ret\u00ea-lo para modera\u00e7\u00e3o.<\/p>\r\n<!-- \/wp:paragraph -->\r\n\r\n<!-- wp:paragraph -->\r\n<p>Para usu\u00e1rios que se registram no nosso site (se houver), tamb\u00e9m guardamos as informa\u00e7\u00f5es pessoais que fornecem no seu perfil de usu\u00e1rio. Todos os usu\u00e1rios podem ver, editar ou excluir suas informa\u00e7\u00f5es pessoais a qualquer momento (s\u00f3 n\u00e3o \u00e9 poss\u00edvel alterar o seu username). Os administradores de sites tamb\u00e9m podem ver e editar estas informa\u00e7\u00f5es.<\/p>\r\n<!-- \/wp:paragraph -->\r\n\r\n<!-- wp:heading -->\r\n<h2>Quais os seus direitos sobre seus dados<\/h2>\r\n<!-- \/wp:heading -->\r\n\r\n<!-- wp:paragraph -->\r\n<p>Se voc\u00ea tiver uma conta neste site ou se tiver deixado coment\u00e1rios, pode solicitar um arquivo exportado dos dados pessoais que mantemos sobre voc\u00ea, inclusive quaisquer dados que nos tenha fornecido. Tamb\u00e9m pode solicitar que removamos qualquer dado pessoal que mantemos sobre voc\u00ea. Isto n\u00e3o inclui nenhuns dados que somos obrigados a manter para prop\u00f3sitos administrativos, legais ou de seguran\u00e7a.<\/p>\r\n<!-- \/wp:paragraph -->\r\n\r\n<!-- wp:heading -->\r\n<h2>Para onde enviamos seus dados<\/h2>\r\n<!-- \/wp:heading -->\r\n\r\n<!-- wp:paragraph -->\r\n<p>Coment\u00e1rios de visitantes podem ser marcados por um servi\u00e7o autom\u00e1tico de detec\u00e7\u00e3o de spam.<\/p>\r\n<!-- \/wp:paragraph -->\r\n\r\n<!-- wp:heading -->\r\n<h2>Suas informa\u00e7\u00f5es de contato<\/h2>\r\n<!-- \/wp:heading -->\r\n\r\n<!-- wp:heading -->\r\n<h2>Informa\u00e7\u00f5es adicionais<\/h2>\r\n<!-- \/wp:heading -->\r\n\r\n<!-- wp:heading {\"level\":3} -->\r\n<h3>Como protegemos seus dados<\/h3>\r\n<!-- \/wp:heading -->\r\n\r\n<!-- wp:heading {\"level\":3} -->\r\n<h3>Quais s\u00e3o nossos procedimentos contra viola\u00e7\u00e3o de dados<\/h3>\r\n<!-- \/wp:heading -->\r\n\r\n<!-- wp:heading {\"level\":3} -->\r\n<h3>De quais terceiros n\u00f3s recebemos dados<\/h3>\r\n<!-- \/wp:heading -->\r\n\r\n<!-- wp:heading {\"level\":3} -->\r\n<h3>Quais tomadas de decis\u00e3o ou an\u00e1lises de perfil automatizadas fazemos com os dados de usu\u00e1rios<\/h3>\r\n<!-- \/wp:heading -->\r\n\r\n<!-- wp:heading {\"level\":3} -->\r\n<h3>Requisitos obrigat\u00f3rios de divulga\u00e7\u00e3o para sua categoria profissional<\/h3>\r\n<!-- \/wp:heading -->","_et_gb_content_width":"","inline_featured_image":false,"footnotes":""},"yoast_head":"<!-- This site is optimized with the Yoast SEO plugin v22.0 - https:\/\/yoast.com\/wordpress\/plugins\/seo\/ -->\n<title>Pol\u00edtica de privacidade - FRKS Work<\/title>\n<meta name=\"robots\" content=\"index, follow, max-snippet:-1, max-image-preview:large, max-video-preview:-1\" \/>\n<link rel=\"canonical\" href=\"https:\/\/frkswork.com.br\/en\/politica-de-privacidade\/\" \/>\n<meta property=\"og:locale\" content=\"en_US\" \/>\n<meta property=\"og:type\" content=\"article\" \/>\n<meta property=\"og:title\" content=\"Pol\u00edtica de privacidade - FRKS Work\" \/>\n<meta property=\"og:description\" content=\"Pol\u00edtica de Privacidade &nbsp; Quem somos: Somos uma empresa de hospedagem de registro, regulamentada sob o CNPJ\u00a040.044.333\/0001-37.\u00a0O endere\u00e7o do nosso site \u00e9:\u00a0https:\/\/frkswork.com.br\/ \u00a0 Quais dados pessoais coletamos e porque: A sua privacidade \u00e9 importante para n\u00f3s. \u00c9 pol\u00edtica da FERKS WORK respeitar a sua privacidade em rela\u00e7\u00e3o a qualquer informa\u00e7\u00e3o sua que possamos coletar em [&hellip;]\" \/>\n<meta property=\"og:url\" content=\"https:\/\/frkswork.com.br\/en\/politica-de-privacidade\/\" \/>\n<meta property=\"og:site_name\" content=\"FRKS Work\" \/>\n<meta property=\"article:modified_time\" content=\"2021-06-18T15:22:20+00:00\" \/>\n<meta name=\"twitter:card\" content=\"summary_large_image\" \/>\n<meta name=\"twitter:label1\" content=\"Est. reading time\" \/>\n\t<meta name=\"twitter:data1\" content=\"7 minutes\" \/>\n<script type=\"application\/ld+json\" class=\"yoast-schema-graph\">{\"@context\":\"https:\/\/schema.org\",\"@graph\":[{\"@type\":\"WebPage\",\"@id\":\"https:\/\/frkswork.com.br\/politica-de-privacidade\/\",\"url\":\"https:\/\/frkswork.com.br\/politica-de-privacidade\/\",\"name\":\"Pol\u00edtica de privacidade - FRKS Work\",\"isPartOf\":{\"@id\":\"https:\/\/frkswork.com.br\/#website\"},\"datePublished\":\"2020-09-04T00:46:12+00:00\",\"dateModified\":\"2021-06-18T15:22:20+00:00\",\"breadcrumb\":{\"@id\":\"https:\/\/frkswork.com.br\/politica-de-privacidade\/#breadcrumb\"},\"inLanguage\":\"en-US\",\"potentialAction\":[{\"@type\":\"ReadAction\",\"target\":[\"https:\/\/frkswork.com.br\/politica-de-privacidade\/\"]}]},{\"@type\":\"BreadcrumbList\",\"@id\":\"https:\/\/frkswork.com.br\/politica-de-privacidade\/#breadcrumb\",\"itemListElement\":[{\"@type\":\"ListItem\",\"position\":1,\"name\":\"In\u00edcio\",\"item\":\"https:\/\/frkswork.com.br\/\"},{\"@type\":\"ListItem\",\"position\":2,\"name\":\"Pol\u00edtica de privacidade\"}]},{\"@type\":\"WebSite\",\"@id\":\"https:\/\/frkswork.com.br\/#website\",\"url\":\"https:\/\/frkswork.com.br\/\",\"name\":\"FRKS Work\",\"description\":\"Conectando neg\u00f3cios al\u00e9m das fronteiras\",\"potentialAction\":[{\"@type\":\"SearchAction\",\"target\":{\"@type\":\"EntryPoint\",\"urlTemplate\":\"https:\/\/frkswork.com.br\/?s={search_term_string}\"},\"query-input\":\"required name=search_term_string\"}],\"inLanguage\":\"en-US\"}]}<\/script>\n<!-- \/ Yoast SEO plugin. -->","yoast_head_json":{"title":"Pol\u00edtica de privacidade - FRKS Work","robots":{"index":"index","follow":"follow","max-snippet":"max-snippet:-1","max-image-preview":"max-image-preview:large","max-video-preview":"max-video-preview:-1"},"canonical":"https:\/\/frkswork.com.br\/en\/politica-de-privacidade\/","og_locale":"en_US","og_type":"article","og_title":"Pol\u00edtica de privacidade - FRKS Work","og_description":"Pol\u00edtica de Privacidade &nbsp; Quem somos: Somos uma empresa de hospedagem de registro, regulamentada sob o CNPJ\u00a040.044.333\/0001-37.\u00a0O endere\u00e7o do nosso site \u00e9:\u00a0https:\/\/frkswork.com.br\/ \u00a0 Quais dados pessoais coletamos e porque: A sua privacidade \u00e9 importante para n\u00f3s. \u00c9 pol\u00edtica da FERKS WORK respeitar a sua privacidade em rela\u00e7\u00e3o a qualquer informa\u00e7\u00e3o sua que possamos coletar em [&hellip;]","og_url":"https:\/\/frkswork.com.br\/en\/politica-de-privacidade\/","og_site_name":"FRKS Work","article_modified_time":"2021-06-18T15:22:20+00:00","twitter_card":"summary_large_image","twitter_misc":{"Est. reading time":"7 minutes"},"schema":{"@context":"https:\/\/schema.org","@graph":[{"@type":"WebPage","@id":"https:\/\/frkswork.com.br\/politica-de-privacidade\/","url":"https:\/\/frkswork.com.br\/politica-de-privacidade\/","name":"Pol\u00edtica de privacidade - FRKS Work","isPartOf":{"@id":"https:\/\/frkswork.com.br\/#website"},"datePublished":"2020-09-04T00:46:12+00:00","dateModified":"2021-06-18T15:22:20+00:00","breadcrumb":{"@id":"https:\/\/frkswork.com.br\/politica-de-privacidade\/#breadcrumb"},"inLanguage":"en-US","potentialAction":[{"@type":"ReadAction","target":["https:\/\/frkswork.com.br\/politica-de-privacidade\/"]}]},{"@type":"BreadcrumbList","@id":"https:\/\/frkswork.com.br\/politica-de-privacidade\/#breadcrumb","itemListElement":[{"@type":"ListItem","position":1,"name":"In\u00edcio","item":"https:\/\/frkswork.com.br\/"},{"@type":"ListItem","position":2,"name":"Pol\u00edtica de privacidade"}]},{"@type":"WebSite","@id":"https:\/\/frkswork.com.br\/#website","url":"https:\/\/frkswork.com.br\/","name":"FRKS Work","description":"Conectando neg\u00f3cios al\u00e9m das fronteiras","potentialAction":[{"@type":"SearchAction","target":{"@type":"EntryPoint","urlTemplate":"https:\/\/frkswork.com.br\/?s={search_term_string}"},"query-input":"required name=search_term_string"}],"inLanguage":"en-US"}]}},"_links":{"self":[{"href":"https:\/\/frkswork.com.br\/en\/wp-json\/wp\/v2\/pages\/3"}],"collection":[{"href":"https:\/\/frkswork.com.br\/en\/wp-json\/wp\/v2\/pages"}],"about":[{"href":"https:\/\/frkswork.com.br\/en\/wp-json\/wp\/v2\/types\/page"}],"author":[{"embeddable":true,"href":"https:\/\/frkswork.com.br\/en\/wp-json\/wp\/v2\/users\/1"}],"replies":[{"embeddable":true,"href":"https:\/\/frkswork.com.br\/en\/wp-json\/wp\/v2\/comments?post=3"}],"version-history":[{"count":3,"href":"https:\/\/frkswork.com.br\/en\/wp-json\/wp\/v2\/pages\/3\/revisions"}],"predecessor-version":[{"id":571,"href":"https:\/\/frkswork.com.br\/en\/wp-json\/wp\/v2\/pages\/3\/revisions\/571"}],"wp:attachment":[{"href":"https:\/\/frkswork.com.br\/en\/wp-json\/wp\/v2\/media?parent=3"}],"curies":[{"name":"wp","href":"https:\/\/api.w.org\/{rel}","templated":true}]}}