{"id":215,"date":"2020-09-07T12:30:11","date_gmt":"2020-09-07T15:30:11","guid":{"rendered":"http:\/\/frkswork.com.br\/?page_id=215"},"modified":"2020-12-07T13:43:49","modified_gmt":"2020-12-07T16:43:49","slug":"hospedagem-de-registros-hosting-service","status":"publish","type":"page","link":"https:\/\/frkswork.com.br\/en\/hospedagem-de-registros-hosting-service\/","title":{"rendered":"Hosting of Records \/ Hosting Service"},"content":{"rendered":"<p>[et_pb_section fb_built=&#8221;1&#8243; admin_label=&#8221;Hero Section&#8221; _builder_version=&#8221;4.6.1&#8243; background_color=&#8221;#27c6a6&#8243; use_background_color_gradient=&#8221;on&#8221; background_color_gradient_start=&#8221;#212529&#8243; background_color_gradient_end=&#8221;#2d3757&#8243; background_color_gradient_direction=&#8221;1deg&#8221; background_enable_image=&#8221;off&#8221; custom_padding=&#8221;100px|0px|0px|0px&#8221;][et_pb_row column_structure=&#8221;1_2,1_2&#8243; _builder_version=&#8221;3.25&#8243; custom_margin=&#8221;|||&#8221; custom_padding=&#8221;27px|0px|0px|0px&#8221; locked=&#8221;off&#8221;][et_pb_column type=&#8221;1_2&#8243; _builder_version=&#8221;3.25&#8243; custom_padding=&#8221;40px||40px|&#8221; custom_padding__hover=&#8221;|||&#8221;][et_pb_text _builder_version=&#8221;4.6.1&#8243; text_font=&#8221;PT Sans||||||||&#8221; text_text_color=&#8221;rgba(255,255,255,0.7)&#8221; text_font_size=&#8221;18px&#8221; text_line_height=&#8221;1.8em&#8221; header_font=&#8221;||||||||&#8221; header_2_font=&#8221;Poppins|500|||||||&#8221; header_2_text_color=&#8221;#ffffff&#8221; header_2_font_size=&#8221;38px&#8221; header_2_line_height=&#8221;1.3em&#8221; header_3_font=&#8221;||||||||&#8221; header_4_font=&#8221;||||||||&#8221;]<\/p>\n<h2>What is registration hosting?<\/h2>\n<p>\u00a0It is the means by which the foreign manufacturer \/ exporter regularizes its products on behalf of the representative company with much more agility and at a much lower cost. This way and with regulatory security your product can be marketed in an agile way and in the shortest possible time.<\/p>\n<p>[\/et_pb_text][\/et_pb_column][et_pb_column type=&#8221;1_2&#8243; _builder_version=&#8221;3.25&#8243; custom_padding=&#8221;|||&#8221; custom_padding__hover=&#8221;|||&#8221;][et_pb_image src=&#8221;https:\/\/frkswork.com.br\/wp-content\/uploads\/2020\/09\/imagem09.png&#8221; title_text=&#8221;imagem09&#8243; align=&#8221;center&#8221; align_tablet=&#8221;center&#8221; align_phone=&#8221;&#8221; align_last_edited=&#8221;on|desktop&#8221; _builder_version=&#8221;4.6.1&#8243; animation_style=&#8221;slide&#8221; animation_direction=&#8221;bottom&#8221; animation_intensity_slide=&#8221;10%&#8221;][\/et_pb_image][\/et_pb_column][\/et_pb_row][\/et_pb_section][et_pb_section fb_built=&#8221;1&#8243; admin_label=&#8221;Feature Image Left&#8221; _builder_version=&#8221;3.22&#8243; background_color=&#8221;#212529&#8243;][et_pb_row column_structure=&#8221;1_2,1_2&#8243; _builder_version=&#8221;3.25&#8243; custom_margin=&#8221;|||&#8221;][et_pb_column type=&#8221;1_2&#8243; _builder_version=&#8221;3.25&#8243; custom_padding=&#8221;|||&#8221; custom_padding__hover=&#8221;|||&#8221;][et_pb_image src=&#8221;https:\/\/frkswork.com.br\/wp-content\/uploads\/2020\/12\/produtos-medicos-frks-2.png&#8221; title_text=&#8221;produtos-medicos-frks-2&#8243; align=&#8221;center&#8221; align_tablet=&#8221;center&#8221; align_phone=&#8221;&#8221; align_last_edited=&#8221;on|desktop&#8221; _builder_version=&#8221;4.6.1&#8243; animation_style=&#8221;slide&#8221; animation_direction=&#8221;bottom&#8221; animation_intensity_slide=&#8221;10%&#8221; hover_enabled=&#8221;0&#8243; sticky_enabled=&#8221;0&#8243;][\/et_pb_image][\/et_pb_column][et_pb_column type=&#8221;1_2&#8243; _builder_version=&#8221;3.25&#8243; custom_padding=&#8221;|||&#8221; custom_padding__hover=&#8221;|||&#8221;][et_pb_text _builder_version=&#8221;3.27.4&#8243; text_font=&#8221;PT Sans||||||||&#8221; text_text_color=&#8221;rgba(255,255,255,0.7)&#8221; text_font_size=&#8221;18px&#8221; text_line_height=&#8221;1.8em&#8221; header_font=&#8221;||||||||&#8221; header_2_font=&#8221;Poppins|500|||||||&#8221; header_2_font_size=&#8221;38px&#8221; header_2_line_height=&#8221;1.3em&#8221; header_3_font=&#8221;||||||||&#8221; header_4_font=&#8221;||||||||&#8221; background_layout=&#8221;dark&#8221;]<\/p>\n<h2>How do we host your records?<\/h2>\n<p>After the contractual agreement and according to consensus between the parties, that is, <strong>FRKS Work<\/strong> and the foreign manufacturer \/ exporter or the representative in Brazil, all regulatory documentation is sent, with the preparation and assembly of the process, protocol and analysis of the body, and after approval by ANVISA (National Health Surveillance Agency), the product can be imported for sale<\/p>\n<p>[\/et_pb_text][\/et_pb_column][\/et_pb_row][\/et_pb_section][et_pb_section fb_built=&#8221;1&#8243; fullwidth=&#8221;on&#8221; admin_label=&#8221;Wavy Section Divider&#8221; _builder_version=&#8221;3.22&#8243;][et_pb_fullwidth_image src=&#8221;https:\/\/frkswork.com.br\/wp-content\/uploads\/2020\/09\/linhas07_degrade.jpg&#8221; title_text=&#8221;linhas07_degrade&#8221; _builder_version=&#8221;4.6.1&#8243;][\/et_pb_fullwidth_image][\/et_pb_section]<\/p>","protected":false},"excerpt":{"rendered":"<p>O que \u00e9 a hospedagem de registros? \u00a0\u00c9 o meio pelo qual o fabricante \/ exportador estrangeiro regulariza os seus produtos em nome da empresa representante com muito mais agilidade e a um custo bem menor. Dessa forma e com seguran\u00e7a regulat\u00f3ria o seu produto pode ser comercializado de forma \u00e1gil e em um menor [&hellip;]<\/p>","protected":false},"author":1,"featured_media":0,"parent":0,"menu_order":0,"comment_status":"closed","ping_status":"closed","template":"","meta":{"_et_pb_use_builder":"on","_et_pb_old_content":"","_et_gb_content_width":"","inline_featured_image":false,"footnotes":""},"yoast_head":"<!-- This site is optimized with the Yoast SEO plugin v22.0 - https:\/\/yoast.com\/wordpress\/plugins\/seo\/ -->\n<title>Hospedagem de Registros \/ Hosting Service - FRKS Work<\/title>\n<meta name=\"robots\" content=\"index, follow, max-snippet:-1, max-image-preview:large, max-video-preview:-1\" \/>\n<link rel=\"canonical\" href=\"https:\/\/frkswork.com.br\/en\/hospedagem-de-registros-hosting-service\/\" \/>\n<meta property=\"og:locale\" content=\"en_US\" \/>\n<meta property=\"og:type\" content=\"article\" \/>\n<meta property=\"og:title\" content=\"Hospedagem de Registros \/ Hosting Service - FRKS Work\" \/>\n<meta property=\"og:description\" content=\"O que \u00e9 a hospedagem de registros? \u00a0\u00c9 o meio pelo qual o fabricante \/ exportador estrangeiro regulariza os seus produtos em nome da empresa representante com muito mais agilidade e a um custo bem menor. Dessa forma e com seguran\u00e7a regulat\u00f3ria o seu produto pode ser comercializado de forma \u00e1gil e em um menor [&hellip;]\" \/>\n<meta property=\"og:url\" content=\"https:\/\/frkswork.com.br\/en\/hospedagem-de-registros-hosting-service\/\" \/>\n<meta property=\"og:site_name\" content=\"FRKS Work\" \/>\n<meta property=\"article:modified_time\" content=\"2020-12-07T16:43:49+00:00\" \/>\n<meta name=\"twitter:card\" content=\"summary_large_image\" \/>\n<meta name=\"twitter:label1\" content=\"Est. reading time\" \/>\n\t<meta name=\"twitter:data1\" content=\"3 minutes\" \/>\n<script type=\"application\/ld+json\" class=\"yoast-schema-graph\">{\"@context\":\"https:\/\/schema.org\",\"@graph\":[{\"@type\":\"WebPage\",\"@id\":\"https:\/\/frkswork.com.br\/hospedagem-de-registros-hosting-service\/\",\"url\":\"https:\/\/frkswork.com.br\/hospedagem-de-registros-hosting-service\/\",\"name\":\"Hospedagem de Registros \/ Hosting Service - FRKS Work\",\"isPartOf\":{\"@id\":\"https:\/\/frkswork.com.br\/#website\"},\"datePublished\":\"2020-09-07T15:30:11+00:00\",\"dateModified\":\"2020-12-07T16:43:49+00:00\",\"breadcrumb\":{\"@id\":\"https:\/\/frkswork.com.br\/hospedagem-de-registros-hosting-service\/#breadcrumb\"},\"inLanguage\":\"en-US\",\"potentialAction\":[{\"@type\":\"ReadAction\",\"target\":[\"https:\/\/frkswork.com.br\/hospedagem-de-registros-hosting-service\/\"]}]},{\"@type\":\"BreadcrumbList\",\"@id\":\"https:\/\/frkswork.com.br\/hospedagem-de-registros-hosting-service\/#breadcrumb\",\"itemListElement\":[{\"@type\":\"ListItem\",\"position\":1,\"name\":\"In\u00edcio\",\"item\":\"https:\/\/frkswork.com.br\/\"},{\"@type\":\"ListItem\",\"position\":2,\"name\":\"Hospedagem de Registros \/ Hosting Service\"}]},{\"@type\":\"WebSite\",\"@id\":\"https:\/\/frkswork.com.br\/#website\",\"url\":\"https:\/\/frkswork.com.br\/\",\"name\":\"FRKS Work\",\"description\":\"Conectando neg\u00f3cios al\u00e9m das fronteiras\",\"potentialAction\":[{\"@type\":\"SearchAction\",\"target\":{\"@type\":\"EntryPoint\",\"urlTemplate\":\"https:\/\/frkswork.com.br\/?s={search_term_string}\"},\"query-input\":\"required name=search_term_string\"}],\"inLanguage\":\"en-US\"}]}<\/script>\n<!-- \/ Yoast SEO plugin. -->","yoast_head_json":{"title":"Hospedagem de Registros \/ Hosting Service - FRKS Work","robots":{"index":"index","follow":"follow","max-snippet":"max-snippet:-1","max-image-preview":"max-image-preview:large","max-video-preview":"max-video-preview:-1"},"canonical":"https:\/\/frkswork.com.br\/en\/hospedagem-de-registros-hosting-service\/","og_locale":"en_US","og_type":"article","og_title":"Hospedagem de Registros \/ Hosting Service - FRKS Work","og_description":"O que \u00e9 a hospedagem de registros? \u00a0\u00c9 o meio pelo qual o fabricante \/ exportador estrangeiro regulariza os seus produtos em nome da empresa representante com muito mais agilidade e a um custo bem menor. Dessa forma e com seguran\u00e7a regulat\u00f3ria o seu produto pode ser comercializado de forma \u00e1gil e em um menor [&hellip;]","og_url":"https:\/\/frkswork.com.br\/en\/hospedagem-de-registros-hosting-service\/","og_site_name":"FRKS Work","article_modified_time":"2020-12-07T16:43:49+00:00","twitter_card":"summary_large_image","twitter_misc":{"Est. reading time":"3 minutes"},"schema":{"@context":"https:\/\/schema.org","@graph":[{"@type":"WebPage","@id":"https:\/\/frkswork.com.br\/hospedagem-de-registros-hosting-service\/","url":"https:\/\/frkswork.com.br\/hospedagem-de-registros-hosting-service\/","name":"Hospedagem de Registros \/ Hosting Service - FRKS Work","isPartOf":{"@id":"https:\/\/frkswork.com.br\/#website"},"datePublished":"2020-09-07T15:30:11+00:00","dateModified":"2020-12-07T16:43:49+00:00","breadcrumb":{"@id":"https:\/\/frkswork.com.br\/hospedagem-de-registros-hosting-service\/#breadcrumb"},"inLanguage":"en-US","potentialAction":[{"@type":"ReadAction","target":["https:\/\/frkswork.com.br\/hospedagem-de-registros-hosting-service\/"]}]},{"@type":"BreadcrumbList","@id":"https:\/\/frkswork.com.br\/hospedagem-de-registros-hosting-service\/#breadcrumb","itemListElement":[{"@type":"ListItem","position":1,"name":"In\u00edcio","item":"https:\/\/frkswork.com.br\/"},{"@type":"ListItem","position":2,"name":"Hospedagem de Registros \/ Hosting Service"}]},{"@type":"WebSite","@id":"https:\/\/frkswork.com.br\/#website","url":"https:\/\/frkswork.com.br\/","name":"FRKS Work","description":"Conectando neg\u00f3cios al\u00e9m das fronteiras","potentialAction":[{"@type":"SearchAction","target":{"@type":"EntryPoint","urlTemplate":"https:\/\/frkswork.com.br\/?s={search_term_string}"},"query-input":"required name=search_term_string"}],"inLanguage":"en-US"}]}},"_links":{"self":[{"href":"https:\/\/frkswork.com.br\/en\/wp-json\/wp\/v2\/pages\/215"}],"collection":[{"href":"https:\/\/frkswork.com.br\/en\/wp-json\/wp\/v2\/pages"}],"about":[{"href":"https:\/\/frkswork.com.br\/en\/wp-json\/wp\/v2\/types\/page"}],"author":[{"embeddable":true,"href":"https:\/\/frkswork.com.br\/en\/wp-json\/wp\/v2\/users\/1"}],"replies":[{"embeddable":true,"href":"https:\/\/frkswork.com.br\/en\/wp-json\/wp\/v2\/comments?post=215"}],"version-history":[{"count":35,"href":"https:\/\/frkswork.com.br\/en\/wp-json\/wp\/v2\/pages\/215\/revisions"}],"predecessor-version":[{"id":554,"href":"https:\/\/frkswork.com.br\/en\/wp-json\/wp\/v2\/pages\/215\/revisions\/554"}],"wp:attachment":[{"href":"https:\/\/frkswork.com.br\/en\/wp-json\/wp\/v2\/media?parent=215"}],"curies":[{"name":"wp","href":"https:\/\/api.w.org\/{rel}","templated":true}]}}