{"id":207,"date":"2020-09-07T12:28:47","date_gmt":"2020-09-07T15:28:47","guid":{"rendered":"http:\/\/frkswork.com.br\/?page_id=207"},"modified":"2020-10-28T17:12:55","modified_gmt":"2020-10-28T20:12:55","slug":"quem-somos","status":"publish","type":"page","link":"https:\/\/frkswork.com.br\/en\/quem-somos\/","title":{"rendered":"Institutional"},"content":{"rendered":"<p>[et_pb_section fb_built=&#8221;1&#8243; admin_label=&#8221;Hero Section&#8221; _builder_version=&#8221;3.22&#8243; use_background_color_gradient=&#8221;on&#8221; background_color_gradient_start=&#8221;#2d3757&#8243; background_color_gradient_end=&#8221;#212529&#8243; custom_padding=&#8221;100px|0px|100px|0px&#8221;][et_pb_row column_structure=&#8221;1_2,1_2&#8243; _builder_version=&#8221;3.25&#8243; background_size=&#8221;initial&#8221; background_position=&#8221;top_left&#8221; background_repeat=&#8221;repeat&#8221; custom_margin=&#8221;|||&#8221;][et_pb_column type=&#8221;1_2&#8243; _builder_version=&#8221;3.25&#8243; custom_padding=&#8221;40px|||&#8221; custom_padding__hover=&#8221;|||&#8221;][et_pb_text _builder_version=&#8221;4.6.1&#8243; text_font=&#8221;PT Sans||||||||&#8221; text_text_color=&#8221;rgba(255,255,255,0.7)&#8221; text_font_size=&#8221;18px&#8221; text_line_height=&#8221;1.8em&#8221; header_font=&#8221;Poppins|500|||||||&#8221; header_text_color=&#8221;#ffffff&#8221; header_font_size=&#8221;44px&#8221; header_line_height=&#8221;1.3em&#8221; header_2_font=&#8221;||||||||&#8221; header_3_font=&#8221;||||||||&#8221; header_4_font=&#8221;||||||||&#8221;]<\/p>\n<h1>Our Company<\/h1>\n<p>We are a company specialized in importing through the hosting of records by Anvisa. We operate with transparency, effective communication and practicality with our customers.<\/p>\n<p>[\/et_pb_text][\/et_pb_column][et_pb_column type=&#8221;1_2&#8243; _builder_version=&#8221;3.25&#8243; custom_padding=&#8221;|||&#8221; custom_padding__hover=&#8221;|||&#8221;][et_pb_image src=&#8221;http:\/\/frkswork.com.br\/wp-content\/uploads\/2020\/09\/imagem04.png&#8221; title_text=&#8221;imagem04&#8243; _builder_version=&#8221;4.6.1&#8243; max_width=&#8221;85%&#8221; max_width_tablet=&#8221;77%&#8221; max_width_phone=&#8221;&#8221; max_width_last_edited=&#8221;on|desktop&#8221; module_alignment=&#8221;left&#8221; animation_style=&#8221;slide&#8221; animation_direction=&#8221;top&#8221; animation_intensity_slide=&#8221;10%&#8221; always_center_on_mobile=&#8221;off&#8221;][\/et_pb_image][\/et_pb_column][\/et_pb_row][et_pb_row column_structure=&#8221;1_3,1_3,1_3&#8243; _builder_version=&#8221;3.25&#8243;][et_pb_column type=&#8221;1_3&#8243; _builder_version=&#8221;3.25&#8243; custom_padding=&#8221;|||&#8221; custom_padding__hover=&#8221;|||&#8221;][et_pb_blurb title=&#8221;Miss\u00e3o&#8221; use_icon=&#8221;on&#8221; font_icon=&#8221;%%166%%&#8221; _builder_version=&#8221;4.6.1&#8243; header_font=&#8221;PT Sans|700|||||||&#8221; header_line_height=&#8221;25px&#8221; body_font=&#8221;PT Sans||||||||&#8221; body_text_color=&#8221;rgba(255,255,255,0.7)&#8221; body_font_size=&#8221;16px&#8221; body_line_height=&#8221;1.8em&#8221; text_orientation=&#8221;center&#8221; background_layout=&#8221;dark&#8221; custom_margin=&#8221;|||&#8221; custom_padding=&#8221;|||&#8221; animation_style=&#8221;slide&#8221; animation_direction=&#8221;bottom&#8221; animation_intensity_slide=&#8221;10%&#8221; animation=&#8221;off&#8221; hover_enabled=&#8221;0&#8243; sticky_enabled=&#8221;0&#8243;]<\/p>\n<p>Optimize time and reduce the cost for our customers to achieve their business goals through the service of hosting service \/ hosting of product registrations with the regulatory agencies.<\/p>\n<p>[\/et_pb_blurb][\/et_pb_column][et_pb_column type=&#8221;1_3&#8243; _builder_version=&#8221;3.25&#8243; custom_padding=&#8221;|||&#8221; custom_padding__hover=&#8221;|||&#8221;][et_pb_blurb title=&#8221;Vis\u00e3o&#8221; use_icon=&#8221;on&#8221; font_icon=&#8221;%%182%%&#8221; _builder_version=&#8221;4.6.1&#8243; header_font=&#8221;PT Sans|700|||||||&#8221; header_line_height=&#8221;25px&#8221; body_font=&#8221;PT Sans||||||||&#8221; body_text_color=&#8221;rgba(255,255,255,0.7)&#8221; body_font_size=&#8221;16px&#8221; body_line_height=&#8221;1.8em&#8221; text_orientation=&#8221;center&#8221; background_layout=&#8221;dark&#8221; custom_margin=&#8221;|||&#8221; custom_padding=&#8221;|||&#8221; animation_style=&#8221;slide&#8221; animation_direction=&#8221;bottom&#8221; animation_delay=&#8221;200ms&#8221; animation_intensity_slide=&#8221;10%&#8221; animation=&#8221;off&#8221; hover_enabled=&#8221;0&#8243; sticky_enabled=&#8221;0&#8243;]<\/p>\n<p>Be a national reference company in the hosting service \/ record hosting segment with regulatory agencies.<\/p>\n<p>[\/et_pb_blurb][\/et_pb_column][et_pb_column type=&#8221;1_3&#8243; _builder_version=&#8221;3.25&#8243; custom_padding=&#8221;|||&#8221; custom_padding__hover=&#8221;|||&#8221;][et_pb_blurb title=&#8221;Valores&#8221; use_icon=&#8221;on&#8221; font_icon=&#8221;%%169%%&#8221; _builder_version=&#8221;4.6.1&#8243; header_font=&#8221;PT Sans|700|||||||&#8221; header_line_height=&#8221;25px&#8221; body_font=&#8221;PT Sans||||||||&#8221; body_text_color=&#8221;rgba(255,255,255,0.7)&#8221; body_font_size=&#8221;16px&#8221; body_line_height=&#8221;1.8em&#8221; text_orientation=&#8221;center&#8221; background_layout=&#8221;dark&#8221; custom_margin=&#8221;|||&#8221; custom_padding=&#8221;|||&#8221; animation_style=&#8221;slide&#8221; animation_direction=&#8221;bottom&#8221; animation_delay=&#8221;200ms&#8221; animation_intensity_slide=&#8221;10%&#8221; animation=&#8221;off&#8221; hover_enabled=&#8221;0&#8243; sticky_enabled=&#8221;0&#8243;]<\/p>\n<p>Transparency, Effective communication,\u00a0<span style=\"font-size: 16px;\">Practicality and\u00a0<\/span><span style=\"font-size: 16px;\">Safety<\/span><\/p>\n<p>[\/et_pb_blurb][\/et_pb_column][\/et_pb_row][\/et_pb_section][et_pb_section fb_built=&#8221;1&#8243; fullwidth=&#8221;on&#8221; admin_label=&#8221;Wavy Section Divider&#8221; _builder_version=&#8221;3.22&#8243;][et_pb_fullwidth_image src=&#8221;http:\/\/frkswork.com.br\/wp-content\/uploads\/2020\/09\/linhas07_degrade.jpg&#8221; title_text=&#8221;linhas07_degrade&#8221; _builder_version=&#8221;4.6.1&#8243;][\/et_pb_fullwidth_image][\/et_pb_section]<\/p>","protected":false},"excerpt":{"rendered":"<p>A FRKS Work Somos uma empresa especializada na importa\u00e7\u00e3o por meio da hospedagem de registros junto \u00e0 Anvisa. Atuamos com transpar\u00eancia, comunica\u00e7\u00e3o eficaz e praticidade junto aos nossos clientes.Otimizar o tempo e reduzir o custo para nossos clientes alcan\u00e7arem seus objetivos comerciais por meio do servi\u00e7o de hosting service \/ hospedagem de registros de produtos [&hellip;]<\/p>","protected":false},"author":1,"featured_media":0,"parent":0,"menu_order":0,"comment_status":"closed","ping_status":"closed","template":"","meta":{"_et_pb_use_builder":"on","_et_pb_old_content":"","_et_gb_content_width":"","inline_featured_image":false,"footnotes":""},"yoast_head":"<!-- This site is optimized with the Yoast SEO plugin v22.0 - https:\/\/yoast.com\/wordpress\/plugins\/seo\/ -->\n<title>Quem Somos - FRKS Work<\/title>\n<meta name=\"robots\" content=\"index, follow, max-snippet:-1, max-image-preview:large, max-video-preview:-1\" \/>\n<link rel=\"canonical\" href=\"https:\/\/frkswork.com.br\/en\/quem-somos\/\" \/>\n<meta property=\"og:locale\" content=\"en_US\" \/>\n<meta property=\"og:type\" content=\"article\" \/>\n<meta property=\"og:title\" content=\"Quem Somos - FRKS Work\" \/>\n<meta property=\"og:description\" content=\"A FRKS Work Somos uma empresa especializada na importa\u00e7\u00e3o por meio da hospedagem de registros junto \u00e0 Anvisa. Atuamos com transpar\u00eancia, comunica\u00e7\u00e3o eficaz e praticidade junto aos nossos clientes.Otimizar o tempo e reduzir o custo para nossos clientes alcan\u00e7arem seus objetivos comerciais por meio do servi\u00e7o de hosting service \/ hospedagem de registros de produtos [&hellip;]\" \/>\n<meta property=\"og:url\" content=\"https:\/\/frkswork.com.br\/en\/quem-somos\/\" \/>\n<meta property=\"og:site_name\" content=\"FRKS Work\" \/>\n<meta property=\"article:modified_time\" content=\"2020-10-28T20:12:55+00:00\" \/>\n<meta name=\"twitter:card\" content=\"summary_large_image\" \/>\n<meta name=\"twitter:label1\" content=\"Est. reading time\" \/>\n\t<meta name=\"twitter:data1\" content=\"3 minutes\" \/>\n<script type=\"application\/ld+json\" class=\"yoast-schema-graph\">{\"@context\":\"https:\/\/schema.org\",\"@graph\":[{\"@type\":\"WebPage\",\"@id\":\"https:\/\/frkswork.com.br\/quem-somos\/\",\"url\":\"https:\/\/frkswork.com.br\/quem-somos\/\",\"name\":\"Quem Somos - FRKS Work\",\"isPartOf\":{\"@id\":\"https:\/\/frkswork.com.br\/#website\"},\"datePublished\":\"2020-09-07T15:28:47+00:00\",\"dateModified\":\"2020-10-28T20:12:55+00:00\",\"breadcrumb\":{\"@id\":\"https:\/\/frkswork.com.br\/quem-somos\/#breadcrumb\"},\"inLanguage\":\"en-US\",\"potentialAction\":[{\"@type\":\"ReadAction\",\"target\":[\"https:\/\/frkswork.com.br\/quem-somos\/\"]}]},{\"@type\":\"BreadcrumbList\",\"@id\":\"https:\/\/frkswork.com.br\/quem-somos\/#breadcrumb\",\"itemListElement\":[{\"@type\":\"ListItem\",\"position\":1,\"name\":\"In\u00edcio\",\"item\":\"https:\/\/frkswork.com.br\/\"},{\"@type\":\"ListItem\",\"position\":2,\"name\":\"Quem Somos\"}]},{\"@type\":\"WebSite\",\"@id\":\"https:\/\/frkswork.com.br\/#website\",\"url\":\"https:\/\/frkswork.com.br\/\",\"name\":\"FRKS Work\",\"description\":\"Conectando neg\u00f3cios al\u00e9m das fronteiras\",\"potentialAction\":[{\"@type\":\"SearchAction\",\"target\":{\"@type\":\"EntryPoint\",\"urlTemplate\":\"https:\/\/frkswork.com.br\/?s={search_term_string}\"},\"query-input\":\"required name=search_term_string\"}],\"inLanguage\":\"en-US\"}]}<\/script>\n<!-- \/ Yoast SEO plugin. -->","yoast_head_json":{"title":"Quem Somos - FRKS Work","robots":{"index":"index","follow":"follow","max-snippet":"max-snippet:-1","max-image-preview":"max-image-preview:large","max-video-preview":"max-video-preview:-1"},"canonical":"https:\/\/frkswork.com.br\/en\/quem-somos\/","og_locale":"en_US","og_type":"article","og_title":"Quem Somos - FRKS Work","og_description":"A FRKS Work Somos uma empresa especializada na importa\u00e7\u00e3o por meio da hospedagem de registros junto \u00e0 Anvisa. Atuamos com transpar\u00eancia, comunica\u00e7\u00e3o eficaz e praticidade junto aos nossos clientes.Otimizar o tempo e reduzir o custo para nossos clientes alcan\u00e7arem seus objetivos comerciais por meio do servi\u00e7o de hosting service \/ hospedagem de registros de produtos [&hellip;]","og_url":"https:\/\/frkswork.com.br\/en\/quem-somos\/","og_site_name":"FRKS Work","article_modified_time":"2020-10-28T20:12:55+00:00","twitter_card":"summary_large_image","twitter_misc":{"Est. reading time":"3 minutes"},"schema":{"@context":"https:\/\/schema.org","@graph":[{"@type":"WebPage","@id":"https:\/\/frkswork.com.br\/quem-somos\/","url":"https:\/\/frkswork.com.br\/quem-somos\/","name":"Quem Somos - FRKS Work","isPartOf":{"@id":"https:\/\/frkswork.com.br\/#website"},"datePublished":"2020-09-07T15:28:47+00:00","dateModified":"2020-10-28T20:12:55+00:00","breadcrumb":{"@id":"https:\/\/frkswork.com.br\/quem-somos\/#breadcrumb"},"inLanguage":"en-US","potentialAction":[{"@type":"ReadAction","target":["https:\/\/frkswork.com.br\/quem-somos\/"]}]},{"@type":"BreadcrumbList","@id":"https:\/\/frkswork.com.br\/quem-somos\/#breadcrumb","itemListElement":[{"@type":"ListItem","position":1,"name":"In\u00edcio","item":"https:\/\/frkswork.com.br\/"},{"@type":"ListItem","position":2,"name":"Quem Somos"}]},{"@type":"WebSite","@id":"https:\/\/frkswork.com.br\/#website","url":"https:\/\/frkswork.com.br\/","name":"FRKS Work","description":"Conectando neg\u00f3cios al\u00e9m das fronteiras","potentialAction":[{"@type":"SearchAction","target":{"@type":"EntryPoint","urlTemplate":"https:\/\/frkswork.com.br\/?s={search_term_string}"},"query-input":"required name=search_term_string"}],"inLanguage":"en-US"}]}},"_links":{"self":[{"href":"https:\/\/frkswork.com.br\/en\/wp-json\/wp\/v2\/pages\/207"}],"collection":[{"href":"https:\/\/frkswork.com.br\/en\/wp-json\/wp\/v2\/pages"}],"about":[{"href":"https:\/\/frkswork.com.br\/en\/wp-json\/wp\/v2\/types\/page"}],"author":[{"embeddable":true,"href":"https:\/\/frkswork.com.br\/en\/wp-json\/wp\/v2\/users\/1"}],"replies":[{"embeddable":true,"href":"https:\/\/frkswork.com.br\/en\/wp-json\/wp\/v2\/comments?post=207"}],"version-history":[{"count":20,"href":"https:\/\/frkswork.com.br\/en\/wp-json\/wp\/v2\/pages\/207\/revisions"}],"predecessor-version":[{"id":509,"href":"https:\/\/frkswork.com.br\/en\/wp-json\/wp\/v2\/pages\/207\/revisions\/509"}],"wp:attachment":[{"href":"https:\/\/frkswork.com.br\/en\/wp-json\/wp\/v2\/media?parent=207"}],"curies":[{"name":"wp","href":"https:\/\/api.w.org\/{rel}","templated":true}]}}